{"id":2,"date":"2025-01-14T10:23:41","date_gmt":"2025-01-14T09:23:41","guid":{"rendered":"https:\/\/androny.co\/?page_id=2"},"modified":"2025-12-01T14:23:49","modified_gmt":"2025-12-01T13:23:49","slug":"ak","status":"publish","type":"page","link":"https:\/\/androny.co\/index.php\/ak\/","title":{"rendered":"Audyt komunikacji"},"content":{"rendered":"\n<p class=\"has-x-large-font-size\"><strong>Czy Twoja marka m\u00f3wi to, co powinna?<\/strong><\/p>\n\n\n\n<p>W g\u0105szczu codziennych dzia\u0142a\u0144 \u0142atwo straci\u0107 sp\u00f3jno\u015b\u0107 i efektywno\u015b\u0107. Audyt komunikacji to jak przegl\u0105d techniczny Twojej marki \u2013 pozwala precyzyjnie zdiagnozowa\u0107, co dzia\u0142a, co wymaga naprawy, a co nale\u017cy zmieni\u0107, aby osi\u0105gn\u0105\u0107 zamierzone cele. To solidna podstawa do stworzenia strategii, kt\u00f3ra naprawd\u0119 dzia\u0142a.<\/p>\n\n\n\n\n\n\n\n\n\n\n\n<p class=\"has-x-large-font-size\"><strong>Jak to dzia\u0142a?<\/strong><\/p>\n\n\n\n<ol class=\"wp-block-list\">\n<li><strong>Pierwszy kontakt:<\/strong> Po prostu napisz do nas i opowiedz o swojej marce.<\/li>\n\n\n\n<li><strong>Analiza:<\/strong> My zajmujemy si\u0119 reszt\u0105 \u2013 analizujemy, szukamy i wyci\u0105gamy wnioski.<\/li>\n\n\n\n<li><strong>Prezentacja raportu:<\/strong> Spotykamy si\u0119, aby om\u00f3wi\u0107 wyniki audytu i przedstawi\u0107 Ci gotowy plan dzia\u0142ania.<\/li>\n<\/ol>\n\n\n\n\n","protected":false},"excerpt":{"rendered":"<p>Czy Twoja marka m\u00f3wi to, co powinna? W g\u0105szczu codziennych dzia\u0142a\u0144 \u0142atwo straci\u0107 sp\u00f3jno\u015b\u0107 i efektywno\u015b\u0107. Audyt komunikacji to jak przegl\u0105d techniczny Twojej marki \u2013 pozwala precyzyjnie zdiagnozowa\u0107, co dzia\u0142a, co wymaga naprawy, a co nale\u017cy zmieni\u0107, aby osi\u0105gn\u0105\u0107 zamierzone cele. To solidna podstawa do stworzenia strategii, kt\u00f3ra naprawd\u0119 dzia\u0142a. Jak to dzia\u0142a?<\/p>\n","protected":false},"author":1,"featured_media":0,"parent":0,"menu_order":0,"comment_status":"closed","ping_status":"closed","template":"","meta":{"saved_in_kubio":true,"footnotes":""},"class_list":["post-2","page","type-page","status-publish","hentry"],"kubio_ai_page_context":{"short_desc":"","purpose":"general"},"_links":{"self":[{"href":"https:\/\/androny.co\/index.php\/wp-json\/wp\/v2\/pages\/2","targetHints":{"allow":["GET"]}}],"collection":[{"href":"https:\/\/androny.co\/index.php\/wp-json\/wp\/v2\/pages"}],"about":[{"href":"https:\/\/androny.co\/index.php\/wp-json\/wp\/v2\/types\/page"}],"author":[{"embeddable":true,"href":"https:\/\/androny.co\/index.php\/wp-json\/wp\/v2\/users\/1"}],"replies":[{"embeddable":true,"href":"https:\/\/androny.co\/index.php\/wp-json\/wp\/v2\/comments?post=2"}],"version-history":[{"count":7,"href":"https:\/\/androny.co\/index.php\/wp-json\/wp\/v2\/pages\/2\/revisions"}],"predecessor-version":[{"id":257,"href":"https:\/\/androny.co\/index.php\/wp-json\/wp\/v2\/pages\/2\/revisions\/257"}],"wp:attachment":[{"href":"https:\/\/androny.co\/index.php\/wp-json\/wp\/v2\/media?parent=2"}],"curies":[{"name":"wp","href":"https:\/\/api.w.org\/{rel}","templated":true}]}}